{"id":20,"date":"2017-03-30T22:14:15","date_gmt":"2017-03-30T20:14:15","guid":{"rendered":"http:\/\/ecolelibregouvy.be\/?page_id=20"},"modified":"2026-03-17T13:29:41","modified_gmt":"2026-03-17T12:29:41","slug":"cantine","status":"publish","type":"page","link":"https:\/\/ecolelibregouvy.be\/index.php\/cantine\/","title":{"rendered":"cantine"},"content":{"rendered":"<p><span style=\"font-size: 18pt;\"><img loading=\"lazy\" decoding=\"async\" class=\"alignnone wp-image-201 aligncenter\" src=\"http:\/\/ecolelibregouvy.be\/wp-content\/uploads\/2017\/03\/cantine-300x143.jpg\" alt=\"\" width=\"579\" height=\"276\" srcset=\"https:\/\/ecolelibregouvy.be\/wp-content\/uploads\/2017\/03\/cantine-300x143.jpg 300w, https:\/\/ecolelibregouvy.be\/wp-content\/uploads\/2017\/03\/cantine.jpg 503w\" sizes=\"(max-width: 579px) 100vw, 579px\" \/><span style=\"font-family: comic sans ms,sans-serif; font-size: 10pt;\">A l&rsquo;\u00e9cole plusieurs possibilit\u00e9s sont propos\u00e9es aux enfants durant le temps de midi:<\/span><\/span><\/p>\n<ul>\n<li><span style=\"font-family: comic sans ms,sans-serif; font-size: 10pt;\">Le repas chaud (potage, plat, dessert)<\/span><\/li>\n<li><span style=\"font-family: comic sans ms,sans-serif; font-size: 10pt;\">Le potage<\/span><\/li>\n<li><span style=\"font-family: comic sans ms,sans-serif; font-size: 10pt;\">Le pique-nique de la maison<\/span><\/li>\n<\/ul>\n<p>&nbsp;<\/p>\n<p>&nbsp;<\/p>\n<p>&nbsp;<\/p>\n","protected":false},"excerpt":{"rendered":"<p>A l&rsquo;\u00e9cole plusieurs possibilit\u00e9s sont propos\u00e9es aux enfants durant le temps de midi: Le repas chaud (potage, plat, dessert) Le potage Le pique-nique de la maison &nbsp; &nbsp; &nbsp;<\/p>\n","protected":false},"author":1,"featured_media":0,"parent":0,"menu_order":0,"comment_status":"closed","ping_status":"closed","template":"","meta":{"footnotes":""},"_links":{"self":[{"href":"https:\/\/ecolelibregouvy.be\/index.php\/wp-json\/wp\/v2\/pages\/20"}],"collection":[{"href":"https:\/\/ecolelibregouvy.be\/index.php\/wp-json\/wp\/v2\/pages"}],"about":[{"href":"https:\/\/ecolelibregouvy.be\/index.php\/wp-json\/wp\/v2\/types\/page"}],"author":[{"embeddable":true,"href":"https:\/\/ecolelibregouvy.be\/index.php\/wp-json\/wp\/v2\/users\/1"}],"replies":[{"embeddable":true,"href":"https:\/\/ecolelibregouvy.be\/index.php\/wp-json\/wp\/v2\/comments?post=20"}],"version-history":[{"count":13,"href":"https:\/\/ecolelibregouvy.be\/index.php\/wp-json\/wp\/v2\/pages\/20\/revisions"}],"predecessor-version":[{"id":3257,"href":"https:\/\/ecolelibregouvy.be\/index.php\/wp-json\/wp\/v2\/pages\/20\/revisions\/3257"}],"wp:attachment":[{"href":"https:\/\/ecolelibregouvy.be\/index.php\/wp-json\/wp\/v2\/media?parent=20"}],"curies":[{"name":"wp","href":"https:\/\/api.w.org\/{rel}","templated":true}]}}