{"id":22,"date":"2017-03-30T22:14:40","date_gmt":"2017-03-30T20:14:40","guid":{"rendered":"http:\/\/ecolelibregouvy.be\/?page_id=22"},"modified":"2026-03-17T13:36:18","modified_gmt":"2026-03-17T12:36:18","slug":"accueil-extrascolaire","status":"publish","type":"page","link":"https:\/\/ecolelibregouvy.be\/index.php\/accueil-extrascolaire\/","title":{"rendered":"L&rsquo;accueil extrascolaire"},"content":{"rendered":"<p><strong>R\u00e8glement de l\u2019accueil extrascolaire<\/strong><\/p>\n<ol>\n<li><strong> Cadre de l\u2019accueil<\/strong><\/li>\n<\/ol>\n<p>L\u2019accueil extrascolaire est un service organis\u00e9 sous la responsabilit\u00e9 de l\u2019\u00e9cole, reconnue par la <strong>F\u00e9d\u00e9ration Wallonie-Bruxelles<\/strong> et <strong>agr\u00e9\u00e9e par l\u2019Office de la Naissance et de l\u2019Enfance (O.N.E.)<\/strong>.<br \/>\nL\u2019accueil est assur\u00e9 par Madame Margot de 15h30 \u00e0 18h00 et par Madame Aur\u00e9lie de 7h15 \u00e0 8h15.<\/p>\n<ol start=\"2\">\n<li><strong> Fonction de l\u2019accueil<\/strong><\/li>\n<\/ol>\n<p>Ce service a pour objectif de <strong>garantir un cadre s\u00e9curisant et structurant<\/strong> pour les enfants <strong>en dehors des heures de classe<\/strong>. Il ne s\u2019agit pas d\u2019une \u00e9tude dirig\u00e9e. Toutefois, si un enfant souhaite s\u2019isoler pour r\u00e9aliser ses devoirs, cela est <strong>possible sans accompagnement p\u00e9dagogique<\/strong>.<br \/>\nDes jeux, livres, coins calmes et espaces adapt\u00e9s sont mis \u00e0 disposition des enfants afin de favoriser <strong>le jeu libre, le repos ou la d\u00e9tente<\/strong>.<\/p>\n<ol start=\"3\">\n<li><strong> Inscription obligatoire<\/strong><\/li>\n<\/ol>\n<p>Pour assurer une organisation de qualit\u00e9 et respecter les normes d\u2019encadrement impos\u00e9es par l\u2019ONE, <strong>l\u2019inscription pr\u00e9alable est obligatoire<\/strong> (au moins <strong>24 heures \u00e0 l\u2019avance<\/strong>) par SMS ou via le <strong>tableau pr\u00e9vu \u00e0 cet effet dans la salle de gymnastique<\/strong>.<br \/>\nEn cas d\u2019emp\u00eachement ou d\u2019absence, <strong>merci de pr\u00e9venir Mme Margot par SMS, ou de sonner \u00e0 l\u2019\u00e9cole.<\/strong><\/p>\n<p>En cas d\u2019urgence :<br \/>\n\ud83d\udcde 080\/51.79.13 ou \ud83d\udcf1 Mme Margot : 0478\/08.71.89<\/p>\n<ol start=\"4\">\n<li><strong> Horaires<\/strong><\/li>\n<\/ol>\n<p>L\u2019accueil extrascolaire est organis\u00e9 :<\/p>\n<ul>\n<li><strong>le matin<\/strong> : de 7h15 \u00e0 8h15<\/li>\n<li><strong>l\u2019apr\u00e8s-midi<\/strong> : de 15h30 \u00e0 18h00<\/li>\n<\/ul>\n<ol start=\"5\">\n<li><strong> Tarifs et paiement<\/strong><\/li>\n<\/ol>\n<p>Le tarif est de <strong>0,50 \u20ac par demi-heure entam\u00e9e<\/strong>.<br \/>\nLe paiement se fait <strong>via cartes pr\u00e9pay\u00e9es<\/strong>, disponibles au prix de <strong>10 \u20ac, 20 \u20ac ou 50 \u20ac<\/strong>.<\/p>\n<p>Le paiement se fait sur le compte bancaire de l\u2019\u00e9cole BE87 7320 2078 1794<\/p>\n<ol start=\"6\">\n<li><strong> Lieu et collation<\/strong><\/li>\n<\/ol>\n<p>L\u2019accueil se d\u00e9roule dans la <strong>salle de gymnastique<\/strong> ou dans <strong>la cour de r\u00e9cr\u00e9ation<\/strong> si la m\u00e9t\u00e9o le permet.<\/p>\n<p>Nous vous rappelons que ces journ\u00e9es peuvent \u00eatre longues pour votre enfant.<\/p>\n<p>\ud83d\udc49 Merci de <strong>pr\u00e9voir une collation<\/strong> pour le go\u00fbter de l\u2019apr\u00e8s-midi, car aucune collation n\u2019est fournie.<\/p>\n<ol start=\"7\">\n<li><strong> Comportement et respect des lieux<\/strong><\/li>\n<\/ol>\n<p>Le r\u00e8glement d\u2019ordre int\u00e9rieur de l\u2019\u00e9cole s\u2019applique \u00e9galement durant l\u2019accueil extrascolaire.<\/p>\n<p>Les r\u00e8gles de la cour de r\u00e9cr\u00e9ation s\u2019appliquent \u00e9galement lors de l\u2019accueil lorsque celui-ci est organis\u00e9 \u00e0 l\u2019ext\u00e9rieur.<\/p>\n<p>Les enfants sont invit\u00e9s \u00e0 :<\/p>\n<ul>\n<li>respecter les accueillant\u00b7es et les consignes qui sont donn\u00e9es;<\/li>\n<li>prendre soin du mat\u00e9riel et des jeux mis \u00e0 leur disposition ;<\/li>\n<li><strong>ne pas grimper<\/strong> sur le mat\u00e9riel de gymnastique ;<\/li>\n<li><strong>ranger<\/strong> avant de quitter les lieux.<\/li>\n<\/ul>\n<p>&nbsp;<\/p>\n<ol start=\"8\">\n<li><strong> Respect des horaires<\/strong><\/li>\n<\/ol>\n<p>Pour le bon fonctionnement du service et par respect envers les accueillant\u00b7es, <strong>merci de respecter scrupuleusement les horaires<\/strong>, notamment pour les d\u00e9parts en fin de journ\u00e9e.<\/p>\n<p>&nbsp;<\/p>\n<ol>\n<li><strong>Fiche m\u00e9dicale \/ coordonn\u00e9es des personnes autoris\u00e9es<\/strong><\/li>\n<\/ol>\n<p>Pour des raisons de s\u00e9curit\u00e9, il vous sera demand\u00e9 de compl\u00e9ter une fiche signal\u00e9tique avec :<\/p>\n<ul>\n<li>coordonn\u00e9es des parents\/personnes de contact ;<\/li>\n<li>personnes autoris\u00e9es \u00e0 venir chercher l\u2019enfant ;<\/li>\n<li>informations m\u00e9dicales importantes (allergies, traitements, PAI&#8230;).<\/li>\n<\/ul>\n","protected":false},"excerpt":{"rendered":"<p>R\u00e8glement de l\u2019accueil extrascolaire Cadre de l\u2019accueil L\u2019accueil extrascolaire est un service organis\u00e9 sous la responsabilit\u00e9 de l\u2019\u00e9cole, reconnue par la F\u00e9d\u00e9ration Wallonie-Bruxelles et agr\u00e9\u00e9e par l\u2019Office de la Naissance et de l\u2019Enfance (O.N.E.). L\u2019accueil est assur\u00e9 par Madame Margot&hellip; <br \/><a class=\"read-more-button\" href=\"https:\/\/ecolelibregouvy.be\/index.php\/accueil-extrascolaire\/\">Savoir plus<\/a><\/p>\n","protected":false},"author":1,"featured_media":0,"parent":0,"menu_order":0,"comment_status":"closed","ping_status":"closed","template":"","meta":{"footnotes":""},"_links":{"self":[{"href":"https:\/\/ecolelibregouvy.be\/index.php\/wp-json\/wp\/v2\/pages\/22"}],"collection":[{"href":"https:\/\/ecolelibregouvy.be\/index.php\/wp-json\/wp\/v2\/pages"}],"about":[{"href":"https:\/\/ecolelibregouvy.be\/index.php\/wp-json\/wp\/v2\/types\/page"}],"author":[{"embeddable":true,"href":"https:\/\/ecolelibregouvy.be\/index.php\/wp-json\/wp\/v2\/users\/1"}],"replies":[{"embeddable":true,"href":"https:\/\/ecolelibregouvy.be\/index.php\/wp-json\/wp\/v2\/comments?post=22"}],"version-history":[{"count":12,"href":"https:\/\/ecolelibregouvy.be\/index.php\/wp-json\/wp\/v2\/pages\/22\/revisions"}],"predecessor-version":[{"id":3261,"href":"https:\/\/ecolelibregouvy.be\/index.php\/wp-json\/wp\/v2\/pages\/22\/revisions\/3261"}],"wp:attachment":[{"href":"https:\/\/ecolelibregouvy.be\/index.php\/wp-json\/wp\/v2\/media?parent=22"}],"curies":[{"name":"wp","href":"https:\/\/api.w.org\/{rel}","templated":true}]}}