{"id":8,"date":"2017-03-30T22:05:19","date_gmt":"2017-03-30T20:05:19","guid":{"rendered":"http:\/\/ecolelibregouvy.be\/?page_id=8"},"modified":"2019-09-02T11:02:49","modified_gmt":"2019-09-02T09:02:49","slug":"projet-detablissement","status":"publish","type":"page","link":"https:\/\/ecolelibregouvy.be\/index.php\/projet-detablissement\/","title":{"rendered":"Notre projet d\u2019\u00e9tablissement."},"content":{"rendered":"\n<p>Tout au long de ces ann\u00e9es, sur base des projets \u00e9ducatif et p\u00e9dagogique de notre \u00e9cole, l&rsquo;\u00e9quipe \u00e9ducative a men\u00e9 une r\u00e9flexion autour des th\u00e8mes suivants et compte poursuivre son engagement dans:<\/p>\n\n\n<p><img loading=\"lazy\" decoding=\"async\" class=\"wp-image-1335 aligncenter\" src=\"http:\/\/ecolelibregouvy.be\/wp-content\/uploads\/2019\/09\/ballo-300x225.png\" alt=\"\" width=\"341\" height=\"256\" srcset=\"https:\/\/ecolelibregouvy.be\/wp-content\/uploads\/2019\/09\/ballo-300x225.png 300w, https:\/\/ecolelibregouvy.be\/wp-content\/uploads\/2019\/09\/ballo-768x576.png 768w, https:\/\/ecolelibregouvy.be\/wp-content\/uploads\/2019\/09\/ballo-1024x768.png 1024w, https:\/\/ecolelibregouvy.be\/wp-content\/uploads\/2019\/09\/ballo-1170x878.png 1170w\" sizes=\"(max-width: 341px) 100vw, 341px\" \/><\/p>\n<p style=\"text-align: center;\">Une \u00e9cole o\u00f9 il fait bon vivre!<\/p>\n<ul>\n<li><strong><u>Son projet autour des valeurs chr\u00e9tiennes\u00a0:<\/u><\/strong><\/li>\n<\/ul>\n<p>Partager les valeurs qui sont v\u00e9cues dans notre \u00e9cole\u00a0 tout en respectant les diff\u00e9rences culturelles et philosophiques. Tous seront invit\u00e9s \u00e0 vivre\u00a0:<\/p>\n<p>\u00a0 \u00a0 \u00a0 \u00a0 \u00a0 -Des temps de partage lors des cours de religion,<\/p>\n<p>\u00a0 \u00a0 \u00a0 \u00a0 \u00a0 -Deux c\u00e9l\u00e9brations par ann\u00e9e\u00a0: la messe de Sainte-Th\u00e9r\u00e8se, la messe\u00a0<\/p>\n<p>\u00a0 \u00a0 \u00a0 \u00a0 \u00a0 \u00a0de printemps ou le chemin de croix.<\/p>\n<p>\u00a0 \u00a0 \u00a0 \u00a0 \u00a0 -Des moments de solidarit\u00e9.<\/p>\n<ul>\n<li><strong><u>Son projet respectueux des diff\u00e9rences\u00a0: <\/u><\/strong><\/li>\n<\/ul>\n<p>Accompagner et\u00a0 soutenir l\u2019\u00e9l\u00e8ve en difficult\u00e9 en vue de lui offrir toutes les occasions d\u2019\u00e9panouissement.<\/p>\n<ul>\n<li><strong><u>Son projet favorisant le dialogue dans la gestion des conflits\u00a0: <\/u><\/strong><\/li>\n<\/ul>\n<p>Notre \u00e9cole s\u2019est dot\u00e9e de 4 lois claires, connues de tous, pour que chaque enfant s\u2019\u00e9panouisse en citoyen responsable.<\/p>\n<p>S\u2019il transgresse une de ces 4 lois, le conseil de discipline l\u2019accompagnera et lui permettra de s\u2019exprimer et de r\u00e9fl\u00e9chir \u00e0 ses actions.<\/p>\n<p>\u00a0 -Je ne peux pas sortir de l\u2019\u00e9cole sans autorisation.<\/p>\n<p>\u00a0 -Je ne peux pas frapper, griffer, mordre, \u2026 ni harceler, agresser\u2026\u00a0 \u00a0 \u00a0 \u00a0verbalement.<\/p>\n<p>\u00a0 -Je ne peux pas voler ni ab\u00eemer volontairement ce qui ne m\u2019appartient pas.<\/p>\n<p>\u00a0 -Je ne peux pas \u00eatre impoli avec les adultes de notre \u00e9cole.<\/p>\n<ul>\n<li><strong><u>Son projet sur les \u00e9motions\u00a0:<\/u><\/strong><\/li>\n<\/ul>\n<p>Aider l\u2019enfant \u00e0 se connaitre, \u00e0 prendre confiance en lui, \u00e0 identifier ses sentiments, ses opinions en lui apprenant \u00e0 les exprimer.<\/p>\n<p>\u00a0<\/p>\n\n\n<p><\/p>\n","protected":false},"excerpt":{"rendered":"<p>Tout au long de ces ann\u00e9es, sur base des projets \u00e9ducatif et p\u00e9dagogique de notre \u00e9cole, l&rsquo;\u00e9quipe \u00e9ducative a men\u00e9 une r\u00e9flexion autour des th\u00e8mes suivants et compte poursuivre son engagement dans: Une \u00e9cole o\u00f9 il fait bon vivre! Son&hellip; <br \/><a class=\"read-more-button\" href=\"https:\/\/ecolelibregouvy.be\/index.php\/projet-detablissement\/\">Savoir plus<\/a><\/p>\n","protected":false},"author":1,"featured_media":0,"parent":0,"menu_order":0,"comment_status":"closed","ping_status":"closed","template":"","meta":{"footnotes":""},"_links":{"self":[{"href":"https:\/\/ecolelibregouvy.be\/index.php\/wp-json\/wp\/v2\/pages\/8"}],"collection":[{"href":"https:\/\/ecolelibregouvy.be\/index.php\/wp-json\/wp\/v2\/pages"}],"about":[{"href":"https:\/\/ecolelibregouvy.be\/index.php\/wp-json\/wp\/v2\/types\/page"}],"author":[{"embeddable":true,"href":"https:\/\/ecolelibregouvy.be\/index.php\/wp-json\/wp\/v2\/users\/1"}],"replies":[{"embeddable":true,"href":"https:\/\/ecolelibregouvy.be\/index.php\/wp-json\/wp\/v2\/comments?post=8"}],"version-history":[{"count":3,"href":"https:\/\/ecolelibregouvy.be\/index.php\/wp-json\/wp\/v2\/pages\/8\/revisions"}],"predecessor-version":[{"id":1336,"href":"https:\/\/ecolelibregouvy.be\/index.php\/wp-json\/wp\/v2\/pages\/8\/revisions\/1336"}],"wp:attachment":[{"href":"https:\/\/ecolelibregouvy.be\/index.php\/wp-json\/wp\/v2\/media?parent=8"}],"curies":[{"name":"wp","href":"https:\/\/api.w.org\/{rel}","templated":true}]}}